{"id":108,"date":"2019-09-26T12:58:45","date_gmt":"2019-09-26T12:58:45","guid":{"rendered":"http:\/\/conferences.cupahr.org\/annual2020\/?page_id=108"},"modified":"2020-03-30T16:11:58","modified_gmt":"2020-03-30T16:11:58","slug":"hotel-and-travel-information","status":"publish","type":"page","link":"https:\/\/conferences.cupahr.org\/annual2020\/hotel-and-travel-information\/","title":{"rendered":"Hotel and Travel Information"},"content":{"rendered":"<p>[et_pb_section fb_built=&#8221;1&#8243; custom_padding_last_edited=&#8221;off|desktop&#8221; admin_label=&#8221;Hero&#8221; _builder_version=&#8221;3.26.7&#8243; use_background_color_gradient=&#8221;on&#8221; background_color_gradient_start=&#8221;rgba(0,0,0,0)&#8221; background_color_gradient_end=&#8221;rgba(0,0,0,0)&#8221; background_image=&#8221;https:\/\/conferences.cupahr.org\/annual2020\/wp-content\/uploads\/sites\/27\/2019\/09\/hero-background-2600.jpg&#8221; custom_margin=&#8221;|||&#8221; custom_padding=&#8221;100px||100px|&#8221; custom_padding_tablet=&#8221;130px||130px|&#8221;][et_pb_row _builder_version=&#8221;3.25&#8243; background_size=&#8221;initial&#8221; background_position=&#8221;top_left&#8221; background_repeat=&#8221;repeat&#8221; custom_margin=&#8221;|||&#8221;][et_pb_column type=&#8221;4_4&#8243; _builder_version=&#8221;3.25&#8243; custom_padding=&#8221;|||&#8221; custom_padding__hover=&#8221;|||&#8221;][et_pb_text _builder_version=&#8221;3.26.7&#8243; header_font=&#8221;Merriweather|700|||||||&#8221; header_font_size=&#8221;46px&#8221; header_line_height=&#8221;1.3em&#8221; custom_margin=&#8221;||0px|&#8221; animation_style=&#8221;flip&#8221; animation_direction=&#8221;top&#8221;]<\/p>\n<h1 style=\"text-align: center;\"><span style=\"color: #ffffff;\">Hotel And Travel Information<\/span><\/h1>\n<p>[\/et_pb_text][\/et_pb_column][\/et_pb_row][\/et_pb_section][et_pb_section fb_built=&#8221;1&#8243; _builder_version=&#8221;3.26.7&#8243; custom_padding=&#8221;||5px|||&#8221;][et_pb_row _builder_version=&#8221;3.26.7&#8243;][et_pb_column type=&#8221;4_4&#8243; _builder_version=&#8221;3.26.7&#8243;][et_pb_map address=&#8221;1000 W Buena Vista Dr, Kissimmee, FL 34747, USA&#8221; address_lat=&#8221;28.3613771&#8243; address_lng=&#8221;-81.5707573&#8243; _builder_version=&#8221;3.26.7&#8243;][et_pb_map_pin title=&#8221;Conference Hotel&#8221; pin_address=&#8221;1000 W Buena Vista Dr, Kissimmee, FL 34747, USA&#8221; pin_address_lat=&#8221;28.3613771&#8243; pin_address_lng=&#8221;-81.5707573&#8243; _builder_version=&#8221;3.26.7&#8243;][\/et_pb_map_pin][\/et_pb_map][\/et_pb_column][\/et_pb_row][\/et_pb_section][et_pb_section fb_built=&#8221;1&#8243; _builder_version=&#8221;3.26.7&#8243; custom_padding=&#8221;1px|||||&#8221;][et_pb_row _builder_version=&#8221;3.26.7&#8243;][et_pb_column type=&#8221;4_4&#8243; _builder_version=&#8221;3.26.7&#8243;][et_pb_text admin_label=&#8221;Text&#8221; _builder_version=&#8221;3.26.7&#8243; text_font=&#8221;||||||||&#8221; text_font_size=&#8221;20px&#8221; text_line_height=&#8221;1.8em&#8221; width=&#8221;100%&#8221; max_width_tablet=&#8221;89%&#8221; max_width_phone=&#8221;97%&#8221; max_width_last_edited=&#8221;off|desktop&#8221; custom_margin=&#8221;|-623px|-1px|||&#8221; custom_padding=&#8221;|||&#8221;]<\/p>\n<h1><span style=\"color: #000000;\">Conference Location:<\/span><\/h1>\n<p><strong><\/strong><\/p>\n<p><a href=\"https:\/\/disneyworld.disney.go.com\/resorts\/coronado-springs-resort\/\" style=\"font-size: 20px;\"><strong>Disney\u2019s Coronado Springs Resort<\/strong><\/a><\/p>\n<p><span style=\"font-size: 20px;\">1000 West Buena Vista Drive<br \/> <\/span><span style=\"font-size: 20px;\">Orlando, FL 32830-8403<br \/> <\/span><span style=\"font-size: 20px;\">407-939-1000<\/span><\/p>\n<p><em style=\"font-size: 20px;\">Located in Disney\u2019s Animal Kingdom Resort Area<\/em><\/p>\n<p><strong>Hotel Room Rates:<\/strong><br \/> $209 Non-Tower Room, Double Occupancy (additional guests 18 and over are $25 each)<br \/> <span style=\"font-size: 20px;\">$259 Tower Room, Double Occupancy (additional guests 18 and over are $25 each)<\/span><\/p>\n<p><strong>Reservation Deadline:<\/strong><br \/> September 7, 2020<\/p>\n<p><strong>Parking :<\/strong><br \/> Self parking: $20 per night<br \/> Valet parking: $33 per night<\/p>\n<h1>Airport and Travel Information:<\/h1>\n<p><a href=\"https:\/\/orlandoairports.net\/\">Orlando International Airport (MCO)<\/a>\u00a0is about 22 miles or 27 minutes from Disney\u2019s Coronado Springs Resort.\u00a0<span style=\"font-size: 20px;\">Transportation between the Orlando International Airport and resort can be arranged through <\/span><a href=\"https:\/\/disneyworld.disney.go.com\/guest-services\/magical-express\/\" style=\"font-size: 20px;\">Disney\u2019s Magical Express<\/a><span style=\"font-size: 20px;\"> after reserving your hotel room at the resort. Reservations for this service must be made at least 30 days prior to arrival. You can make your transfer reservation <\/span><a href=\"https:\/\/secure.reservations.disney.go.com\/ibcwdw\/en_US\/dme\/dmeform?groups=y\" style=\"font-size: 20px;\">here.<\/a><\/p>\n<h1><span>Airfare Discount:<\/span><\/h1>\n<p>Delta Air Lines is pleased to offer special discounts for CUPA-HR.<\/p>\n<p>Please<span>\u00a0<\/span><a href=\"https:\/\/www.delta.com\/flight-search\/book-a-flight?cacheKeySuffix=a4261300-d896-4c37-9c25-b0325042a19d\">click here<\/a><span>\u00a0<\/span>to book your flights.<\/p>\n<p>You may also call Delta Meeting Network\u00ae at 1.800.328.1111* Monday\u2013Friday, 7:00 a.m \u20137:30 p.m. (CT) and refer to Meeting Event Code\u00a0<strong>NMTZ4.\u00a0<\/strong><\/p>\n<p><strong>My Disney Experience &amp; Online Check-In Service<br \/> <\/strong>Planning a vacation to coincide with the conference? Check out the <a href=\"https:\/\/disneyworld.disney.go.com\/login\/?returnUrl=https%3A%2F%2Fdisneyworld.disney.go.com%2Fplan%2F\">My Disney Experience tab<\/a> on the Disneyworld.com website. Once you register online, there are a multitude of tools available that can enhance your Disney plans. You can also download the My Disney Experience mobile app to access your plans and park information on the go. You may also use the My Disney Experience site to participate in the Online Check-In Service.<\/p>\n<p>Use the following link to shorten your check-in process within 60 days of your arrival: <a href=\"https:\/\/nam04.safelinks.protection.outlook.com\/?url=https%3A%2F%2Fdisneyworld.disney.go.com%2Fplan%2F&amp;data=02%7C01%7CKristen.M.Dirschberger%40disney.com%7Ce8ba4e05650e49c29ae908d72732fd9f%7C56b731a8a2ac4c32bf6b616810e913c6%7C1%7C0%7C637020973258538667&amp;sdata=iUez%2FAfbL%2FGoo53%2F3Z5tCBGVwczfa8YsFH14qOYVMlo%3D&amp;reserved=0\">https:\/\/disneyworld.disney.go.com\/plan\/.\u00a0<\/a>When you arrive at the hotel, you can show a photo ID at the designated online check-in area.<\/p>\n<p><span style=\"font-size: 20px;\">Discounted partial-day ticket information to come.<\/span><\/p>\n<p>[\/et_pb_text][\/et_pb_column][\/et_pb_row][\/et_pb_section]<\/p>\n","protected":false},"excerpt":{"rendered":"<p>Hotel And Travel InformationConference Location: Disney\u2019s Coronado Springs Resort 1000 West Buena Vista Drive Orlando, FL 32830-8403 407-939-1000 Located in Disney\u2019s Animal Kingdom Resort Area Hotel Room Rates: $209 Non-Tower Room, Double Occupancy (additional guests 18 and over are $25 each) $259 Tower Room, Double Occupancy (additional guests 18 and over are $25 each) Reservation [&hellip;]<\/p>\n","protected":false},"author":1,"featured_media":0,"parent":0,"menu_order":0,"comment_status":"closed","ping_status":"closed","template":"","meta":{"_acf_changed":false,"_et_pb_use_builder":"on","_et_pb_old_content":"<p>[put_wpgm id=1]<\/p><h2>\u00a0<\/h2><h2>\u00a0<\/h2><h2>CONFERENCE LOCATION<\/h2><p><strong><a href=\"https:\/\/www.marriott.com\/hotels\/travel\/dengr-gaylord-rockies-resort-and-convention-center\/\" target=\"_blank\" rel=\"noopener\">Gaylord Rockies Resort & Convention Center <\/a>\u2013 <span style=\"color: #ff0000;\">LIMITED AVAILABILITY\u00a0<\/span><\/strong><span style=\"color: #e31e36;\"><strong><br \/><\/strong><\/span>6700 North Gaylord Rockies Boulevard<br \/>Aurora, Colorado 80019<br \/>1-720-452-6900<\/p><p><strong>Group Rate:<\/strong> $239 for single or double occupancy, plus tax per night<\/p><p><strong>Reservation Deadline:<\/strong>\u00a0September 23 or until the CUPA-HR room block sells out<\/p><p><strong><a href=\"https:\/\/book.passkey.com\/gt\/217145886?gtid=3ed0c3135f11634d47fdb96e6f144eff\">Reserve Your Room<\/a>:\u00a0<\/strong>Conference registration must be completed prior to making a hotel reservation. Reservation details, including a website and phone number, will be provided in the conference confirmation e-mail following completed registration. That confirmation e-mail will be sent to the registrant\u2019s e-mail address.<\/p><p><strong>Should the Gaylord Rockies Resort & Convention Center room block become unavailable, please\u00a0<a href=\"https:\/\/reservations.arestravel.com\/hotel\/list\/13009\/i5081?poiDistance=20\">use this link to check other hotel options<\/a><\/strong>. CUPA-HR does not have a negotiated room block or rate at any of these hotels, and transportation to the conference hotel is not provided. Please see the Gaylord Rockies Hotel parking fees below.<\/p><h2>HOTEL PARKING<\/h2><p><strong>Self-parking:\u00a0<\/strong><br \/>0-4 hours: $8<br \/>4-8 hours: $18<br \/>8+ hours: $29<\/p><p><strong>Valet parking:<\/strong><br \/>0-4 hours: $14<br \/>4-8 hours: $28<br \/>8+ hours: $39<\/p><h2>HOTEL APP<\/h2><p>Download the <a href=\"http:\/\/navigategaylordhotels.com\/\">Gaylord Rockies Resort & Convention Center app<\/a>. You'll be able to:<\/p><ul><li>View daily meeting locations and request turn by turn directions<\/li><li>View dining options and make reservations at your favorite restaurants<\/li><li>Make yourself easy to find by sending your current location to your friends and family<\/li><\/ul><h2>AIRPORT INFORMATION<\/h2><p><a href=\"https:\/\/www.flydenver.com\/\" target=\"_blank\" rel=\"noopener\"><strong>Denver International Airport<\/strong><\/a>\u00a0(8 miles from conference venue)<br \/>8500 Pe\u00f1a Boulevard<br \/>Denver, Colorado 80249<\/p><h2>AIRFARE DISCOUNT<\/h2><p>Delta Air Lines is pleased to offer special discounts for College & University Professional Association for Human Resources.<\/p><p>Please <strong><a href=\"https:\/\/www.delta.com\/flight-search\/book-a-flight?cacheKeySuffix=a4261300-d896-4c37-9c25-b0325042a19d\">click here<\/a><\/strong> to book your flights and enter the Meeting Event Code<strong> NY2GV<\/strong>.<\/p><p>You may also call Delta Meeting Network\u00ae at 1.800.328.1111* Monday\u2013Friday, 7:00 a.m. \u2013 7:30 p.m. (CT) and refer to Meeting Event Code <strong>NY2GV<\/strong>.<\/p><h2>TRANSPORTATION<\/h2><p>Driving directions from Denver International Airport to the Gaylord Rockies Resort & Convention Center:<\/p><p>Head north on Pe\u00f1a Boulevard. Continue to Pe\u00f1a Boulevard. Follow Pe\u00f1a Boulevard to Tower Road. Take Exit 5 from Pe\u00f1a Boulevard. Continue south on Tower Road. Drive to East 65th Avenue in Aurora. Turn left onto Tower Road. Turn left onto East 64th Avenue. Turn left at the second cross street onto North Dunkirk Street. Turn right onto East 65th Avenue.<\/p><p>A commuter train runs between the Denver International Airport and downtown Denver. There is a stop at the Gaylord Rockies Resort & Convention Center at the 61st and Pe\u00f1a Station (1st stop). The fare is $10.50 from any station on the line. The resort offers shuttle service between the rail stop and the resort on the hour and half hour.<\/p><p>Shuttle transportation is available through Super Shuttle for $25 per person each way. Taxis are also available for an estimated fee of $20 each way. Lyft or Uber is approximately $15.<\/p>","_et_gb_content_width":"","footnotes":""},"class_list":["post-108","page","type-page","status-publish","hentry"],"acf":[],"_links":{"self":[{"href":"https:\/\/conferences.cupahr.org\/annual2020\/wp-json\/wp\/v2\/pages\/108","targetHints":{"allow":["GET"]}}],"collection":[{"href":"https:\/\/conferences.cupahr.org\/annual2020\/wp-json\/wp\/v2\/pages"}],"about":[{"href":"https:\/\/conferences.cupahr.org\/annual2020\/wp-json\/wp\/v2\/types\/page"}],"author":[{"embeddable":true,"href":"https:\/\/conferences.cupahr.org\/annual2020\/wp-json\/wp\/v2\/users\/1"}],"replies":[{"embeddable":true,"href":"https:\/\/conferences.cupahr.org\/annual2020\/wp-json\/wp\/v2\/comments?post=108"}],"version-history":[{"count":40,"href":"https:\/\/conferences.cupahr.org\/annual2020\/wp-json\/wp\/v2\/pages\/108\/revisions"}],"predecessor-version":[{"id":1208,"href":"https:\/\/conferences.cupahr.org\/annual2020\/wp-json\/wp\/v2\/pages\/108\/revisions\/1208"}],"wp:attachment":[{"href":"https:\/\/conferences.cupahr.org\/annual2020\/wp-json\/wp\/v2\/media?parent=108"}],"curies":[{"name":"wp","href":"https:\/\/api.w.org\/{rel}","templated":true}]}}