{"id":108,"date":"2019-09-26T12:58:45","date_gmt":"2019-09-26T12:58:45","guid":{"rendered":"http:\/\/conferences.cupahr.org\/annual2020\/?page_id=108"},"modified":"2023-09-28T14:34:53","modified_gmt":"2023-09-28T14:34:53","slug":"hotel-and-travel-information","status":"publish","type":"page","link":"https:\/\/conferences.cupahr.org\/annual2023\/hotel-and-travel-information\/","title":{"rendered":"Hotel and Travel Information"},"content":{"rendered":"<p>[et_pb_section fb_built=&#8221;1&#8243; custom_padding_last_edited=&#8221;off|desktop&#8221; admin_label=&#8221;Hero&#8221; _builder_version=&#8221;4.5.7&#8243; use_background_color_gradient=&#8221;on&#8221; background_color_gradient_start=&#8221;rgba(0,0,0,0)&#8221; background_color_gradient_end=&#8221;rgba(0,0,0,0)&#8221; background_image=&#8221;http:\/\/conferences.cupahr.org\/annual2023\/wp-content\/uploads\/sites\/38\/2023\/03\/Hero-Background.png&#8221; custom_margin=&#8221;|||&#8221; custom_padding=&#8221;100px||100px|&#8221; custom_padding_tablet=&#8221;130px||130px|&#8221;][et_pb_row _builder_version=&#8221;4.16&#8243; background_size=&#8221;initial&#8221; background_position=&#8221;top_left&#8221; background_repeat=&#8221;repeat&#8221; custom_margin=&#8221;|||&#8221;][et_pb_column type=&#8221;4_4&#8243; _builder_version=&#8221;4.16&#8243; custom_padding=&#8221;|||&#8221; custom_padding__hover=&#8221;|||&#8221;][et_pb_text _builder_version=&#8221;4.16&#8243; header_font=&#8221;Merriweather|700|||||||&#8221; header_font_size=&#8221;46px&#8221; header_line_height=&#8221;1.3em&#8221; custom_margin=&#8221;||0px|&#8221; animation_style=&#8221;fade&#8221; animation_direction=&#8221;top&#8221;]<\/p>\n<h1 style=\"text-align: center;\"><span style=\"color: #ffffff;\">Hotel and Travel Information<\/span><\/h1>\n<p>[\/et_pb_text][\/et_pb_column][\/et_pb_row][\/et_pb_section][et_pb_section fb_built=&#8221;1&#8243; _builder_version=&#8221;4.16&#8243; custom_padding=&#8221;||5px|||&#8221;][et_pb_row _builder_version=&#8221;4.16&#8243;][et_pb_column type=&#8221;4_4&#8243; _builder_version=&#8221;4.16&#8243;][et_pb_map address=&#8221;601 Loyola Ave, New Orleans, LA 70113, USA&#8221; address_lat=&#8221;29.9496385&#8243; address_lng=&#8221;-90.0774507&#8243; _builder_version=&#8221;4.19.4&#8243;][et_pb_map_pin title=&#8221;Conference Hotel&#8221; pin_address=&#8221;601 Loyola Ave, New Orleans, LA 70113, USA&#8221; pin_address_lat=&#8221;29.9496385&#8243; pin_address_lng=&#8221;-90.0774507&#8243; _builder_version=&#8221;4.19.4&#8243;][\/et_pb_map_pin][\/et_pb_map][\/et_pb_column][\/et_pb_row][\/et_pb_section][et_pb_section fb_built=&#8221;1&#8243; _builder_version=&#8221;4.16&#8243; custom_padding=&#8221;1px|||||&#8221;][et_pb_row _builder_version=&#8221;4.16&#8243;][et_pb_column type=&#8221;4_4&#8243; _builder_version=&#8221;4.16&#8243;][et_pb_text admin_label=&#8221;Text&#8221; _builder_version=&#8221;4.5.7&#8243; text_font=&#8221;||||||||&#8221; text_font_size=&#8221;20px&#8221; text_line_height=&#8221;1.8em&#8221; width=&#8221;100%&#8221; max_width_tablet=&#8221;89%&#8221; max_width_phone=&#8221;97%&#8221; max_width_last_edited=&#8221;off|desktop&#8221; custom_margin=&#8221;|-623px|-1px|||&#8221; custom_padding=&#8221;|||&#8221; hover_enabled=&#8221;0&#8243;]<strong>When planning your trip, please note that there is a New Orleans Saints game on Sunday, October 1 at 12:00 p.m. CT. <\/strong>On Sunday, traffic into the city will heavily increase, beginning around 10:00 a.m. Many roads will be closed, especially around the hotel because of its proximity to the Superdome. And hotel restaurants Vitascope Hall and 8 Block will be especially busy with guests for pregame activities.<\/p>\n<h1><span style=\"color: #000000;\">Conference Location:<\/span><\/h1>\n<p><span style=\"font-size: 20px;\"><\/span><strong><a href=\"https:\/\/www.hyatt.com\/en-US\/hotel\/louisiana\/hyatt-regency-new-orleans\/msyrn\">Hyatt Regency New Orleans<\/a> &#8211; CUPA-HR Room Block Sold Out<\/strong><br \/>\n<span style=\"font-size: 20px;\">601 Loyola Ave.<br \/>\n<\/span><span style=\"font-size: 20px;\">New Orleans, LA 70113<br \/>\n<\/span>504-561-1234<span style=\"font-size: 20px;\">\u00a0<\/span><\/p>\n<p><strong>Hotel Room Rates (available 9\/30-10\/3):<\/strong><br \/>\n<span style=\"font-size: 20px;\"><span>$249 for a standard room, plus tax<\/span><br \/>\n<span hidden><em>Note: Hotel reservation details, including a website, phone number and group discount code, will be provided to conference attendees in a confirmation email once registration is completed.<\/em>\u00a0<\/span><br \/>\n<\/span><\/p>\n<p><strong hidden>Reservation Deadline:<br \/>\n<\/strong><\/p>\n<p hidden>August 3<\/p>\n<p><strong>Parking:<br \/>\n<\/strong>Valet Parking: $57 a night, plus tax<br \/>\n<em>Self-parking is not available at the hotel, but is available in various lots nearby.<\/em><\/p>\n<h1><span>Overflow Hotel:<\/span><\/h1>\n<p>In the event the conference hotel sells out, we have secured a room block at the <strong>Hyatt House New Orleans<\/strong>, which is conveniently connected to the Hyatt Regency hotel by a covered walkway.<\/p>\n<p><strong><a href=\"https:\/\/www.hyatt.com\/en-US\/group-booking\/MSYXD\/G-CUPA\">Hyatt House New Orleans<\/a> &#8211; CUPA-HR Room Block Sold Out<br \/>\n<\/strong>1250 Poydras Street<span><br \/>\n<\/span>New Orleans,<span>\u00a0<\/span>LA<span>\u00a0<\/span>70113<\/p>\n<p><strong>Room Rates (available 9\/30-10\/3):<\/strong><br \/>\n<span>$249 for a standard room, plus tax<\/span><\/p>\n<p><span><strong>Reservation Deadline:<br \/>\n<\/strong>September 4<\/span><\/p>\n<p><span><strong>Parking:<br \/>\n<\/strong><\/span>Self parking is available at Poydras Parking Garage at 1200 Poydras St. for $30 a night, plus tax.<\/p>\n<h1><span>Other Hotels:<\/span><\/h1>\n<p><strong>CUPA-HR\u2019s room blocks at the Hyatt Regency and Hyatt House are sold out.<\/strong>\u00a0If you are unable to book a room at either hotel, you can find a hotel on your own or use\u00a0<a href=\"https:\/\/reservations.arestravel.com\/hotel\/list\/18402?Search%5BhotelRegion%5D=i4761&amp;Search%5BcheckInDate%5D=09%2F29%2F2023&amp;Search%5BcheckOutDate%5D=10%2F04%2F2023&amp;Search%5BroomOccupancies%5D%5B0%5D%5BnumberOfAdults%5D=1&amp;Search%5BroomOccupancies%5D%5B0%5D%5BnumberOfChildren%5D=0&amp;Search%5BkeywordSearch%5D=&amp;Search%5Bsort%5D=&amp;Search%5BstarRating%5D=&amp;Search%5BlowPrice%5D=&amp;Search%5BhighPrice%5D=&amp;Search%5Bsearch%5D=&amp;customNavLink=0&amp;Search%5Bnear%5D=&amp;Search%5Blatitude%5D=&amp;Search%5Blongitude%5D=&amp;Search%5BlocationSearch%5D=&amp;Search%5BpoiDistance%5D=1\">this link\u00a0<\/a>to find another hotel nearby. The list starts with hotels closest to the Hyatt Regency New Orleans. These hotels do not have CUPA-HR room blocks, but we hope this tool will be useful for finding a hotel nearby.<\/p>\n<h1>Airport and Travel Information:<\/h1>\n<p>Louis Armstrong International Airport (MSY) is about 14 miles or 18 minutes from the hotel.<\/p>\n<p><span style=\"font-size: 20px;\"><b><strong>Airfare Discount:<br \/>\n<\/strong><\/b>Delta Airlines offers discounted airfare for CUPA-HR Annual Conference attendees. Please use code NM2C6 if booking airfare directly with Delta.\u00a0<b><\/b><\/span><\/p>\n<p>&nbsp;[\/et_pb_text][\/et_pb_column][\/et_pb_row][\/et_pb_section]<\/p>\n","protected":false},"excerpt":{"rendered":"<p>Hotel and Travel InformationWhen planning your trip, please note that there is a New Orleans Saints game on Sunday, October 1 at 12:00 p.m. CT. On Sunday, traffic into the city will heavily increase, beginning around 10:00 a.m. Many roads will be closed, especially around the hotel because of its proximity to the Superdome. And [&hellip;]<\/p>\n","protected":false},"author":1,"featured_media":0,"parent":0,"menu_order":0,"comment_status":"closed","ping_status":"closed","template":"","meta":{"_acf_changed":false,"_et_pb_use_builder":"on","_et_pb_old_content":"<p>[put_wpgm id=1]<\/p><h2>\u00a0<\/h2><h2>\u00a0<\/h2><h2>CONFERENCE LOCATION<\/h2><p><strong><a href=\"https:\/\/www.marriott.com\/hotels\/travel\/dengr-gaylord-rockies-resort-and-convention-center\/\" target=\"_blank\" rel=\"noopener\">Gaylord Rockies Resort & Convention Center <\/a>\u2013 <span style=\"color: #ff0000;\">LIMITED AVAILABILITY\u00a0<\/span><\/strong><span style=\"color: #e31e36;\"><strong><br \/><\/strong><\/span>6700 North Gaylord Rockies Boulevard<br \/>Aurora, Colorado 80019<br \/>1-720-452-6900<\/p><p><strong>Group Rate:<\/strong> $239 for single or double occupancy, plus tax per night<\/p><p><strong>Reservation Deadline:<\/strong>\u00a0September 23 or until the CUPA-HR room block sells out<\/p><p><strong><a href=\"https:\/\/book.passkey.com\/gt\/217145886?gtid=3ed0c3135f11634d47fdb96e6f144eff\">Reserve Your Room<\/a>:\u00a0<\/strong>Conference registration must be completed prior to making a hotel reservation. Reservation details, including a website and phone number, will be provided in the conference confirmation e-mail following completed registration. That confirmation e-mail will be sent to the registrant\u2019s e-mail address.<\/p><p><strong>Should the Gaylord Rockies Resort & Convention Center room block become unavailable, please\u00a0<a href=\"https:\/\/reservations.arestravel.com\/hotel\/list\/13009\/i5081?poiDistance=20\">use this link to check other hotel options<\/a><\/strong>. CUPA-HR does not have a negotiated room block or rate at any of these hotels, and transportation to the conference hotel is not provided. Please see the Gaylord Rockies Hotel parking fees below.<\/p><h2>HOTEL PARKING<\/h2><p><strong>Self-parking:\u00a0<\/strong><br \/>0-4 hours: $8<br \/>4-8 hours: $18<br \/>8+ hours: $29<\/p><p><strong>Valet parking:<\/strong><br \/>0-4 hours: $14<br \/>4-8 hours: $28<br \/>8+ hours: $39<\/p><h2>HOTEL APP<\/h2><p>Download the <a href=\"http:\/\/navigategaylordhotels.com\/\">Gaylord Rockies Resort & Convention Center app<\/a>. You'll be able to:<\/p><ul><li>View daily meeting locations and request turn by turn directions<\/li><li>View dining options and make reservations at your favorite restaurants<\/li><li>Make yourself easy to find by sending your current location to your friends and family<\/li><\/ul><h2>AIRPORT INFORMATION<\/h2><p><a href=\"https:\/\/www.flydenver.com\/\" target=\"_blank\" rel=\"noopener\"><strong>Denver International Airport<\/strong><\/a>\u00a0(8 miles from conference venue)<br \/>8500 Pe\u00f1a Boulevard<br \/>Denver, Colorado 80249<\/p><h2>AIRFARE DISCOUNT<\/h2><p>Delta Air Lines is pleased to offer special discounts for College & University Professional Association for Human Resources.<\/p><p>Please <strong><a href=\"https:\/\/www.delta.com\/flight-search\/book-a-flight?cacheKeySuffix=a4261300-d896-4c37-9c25-b0325042a19d\">click here<\/a><\/strong> to book your flights and enter the Meeting Event Code<strong> NY2GV<\/strong>.<\/p><p>You may also call Delta Meeting Network\u00ae at 1.800.328.1111* Monday\u2013Friday, 7:00 a.m. \u2013 7:30 p.m. (CT) and refer to Meeting Event Code <strong>NY2GV<\/strong>.<\/p><h2>TRANSPORTATION<\/h2><p>Driving directions from Denver International Airport to the Gaylord Rockies Resort & Convention Center:<\/p><p>Head north on Pe\u00f1a Boulevard. Continue to Pe\u00f1a Boulevard. Follow Pe\u00f1a Boulevard to Tower Road. Take Exit 5 from Pe\u00f1a Boulevard. Continue south on Tower Road. Drive to East 65th Avenue in Aurora. Turn left onto Tower Road. Turn left onto East 64th Avenue. Turn left at the second cross street onto North Dunkirk Street. Turn right onto East 65th Avenue.<\/p><p>A commuter train runs between the Denver International Airport and downtown Denver. There is a stop at the Gaylord Rockies Resort & Convention Center at the 61st and Pe\u00f1a Station (1st stop). The fare is $10.50 from any station on the line. The resort offers shuttle service between the rail stop and the resort on the hour and half hour.<\/p><p>Shuttle transportation is available through Super Shuttle for $25 per person each way. Taxis are also available for an estimated fee of $20 each way. Lyft or Uber is approximately $15.<\/p>","_et_gb_content_width":"","footnotes":""},"class_list":["post-108","page","type-page","status-publish","hentry"],"acf":[],"_links":{"self":[{"href":"https:\/\/conferences.cupahr.org\/annual2023\/wp-json\/wp\/v2\/pages\/108","targetHints":{"allow":["GET"]}}],"collection":[{"href":"https:\/\/conferences.cupahr.org\/annual2023\/wp-json\/wp\/v2\/pages"}],"about":[{"href":"https:\/\/conferences.cupahr.org\/annual2023\/wp-json\/wp\/v2\/types\/page"}],"author":[{"embeddable":true,"href":"https:\/\/conferences.cupahr.org\/annual2023\/wp-json\/wp\/v2\/users\/1"}],"replies":[{"embeddable":true,"href":"https:\/\/conferences.cupahr.org\/annual2023\/wp-json\/wp\/v2\/comments?post=108"}],"version-history":[{"count":79,"href":"https:\/\/conferences.cupahr.org\/annual2023\/wp-json\/wp\/v2\/pages\/108\/revisions"}],"predecessor-version":[{"id":3653,"href":"https:\/\/conferences.cupahr.org\/annual2023\/wp-json\/wp\/v2\/pages\/108\/revisions\/3653"}],"wp:attachment":[{"href":"https:\/\/conferences.cupahr.org\/annual2023\/wp-json\/wp\/v2\/media?parent=108"}],"curies":[{"name":"wp","href":"https:\/\/api.w.org\/{rel}","templated":true}]}}